{"id":842,"date":"2017-06-05T02:17:06","date_gmt":"2017-06-05T00:17:06","guid":{"rendered":"http:\/\/barwyumyslu.pl\/en\/mistrzowie-hipnozy-vi\/"},"modified":"2017-10-12T11:18:22","modified_gmt":"2017-10-12T09:18:22","slug":"mistrzowie-hipnozy-vi","status":"publish","type":"page","link":"https:\/\/barwyumyslu.pl\/en\/mistrzowie-hipnozy-vi\/","title":{"rendered":"Masters of Hypnosis edition VI: Claude Ribaux \u2013 Active-Alert Hypnosis"},"content":{"rendered":"[vc_row][vc_column][vc_column_text]Our team learns from the best hypnosis instructors in the world.<\/p>\n<p>Our goal is not only to incerase our own skills but to elevate the quality of hypnosis in general. That is why we decided to give you possibility to learn from hypnosis masters from all over the world.<\/p>\n<p>In November this year it&#8217;s going to be our 6&#8217;th edition of <strong>Masters of Hypnosis <\/strong>workshops.<\/p>\n<p>Meet<strong> Claude Ribaux&#8217;a<\/strong> &#8211; the best specialist in working with hypnosis through movement.<\/p>\n<p>Meet <strong>Active Alert Hypnosis<\/strong>.[\/vc_column_text][\/vc_column][\/vc_row][vc_row][vc_column][vc_custom_heading text=&#8221;What will you gain from this training?&#8221;][vc_column_text]\n<ul>\n<li>possibilities of gaining clients who value quality and innovation<\/li>\n<li>effectiveness in building motivation in clients<\/li>\n<li>great development and therapeutic methods through which customers will recommend your services<\/li>\n<\/ul>\n[\/vc_column_text][vc_custom_heading text=&#8221;This advanced training program is addressed to:&#8221;][vc_column_text]\n<ul>\n<li>sports psychologists<\/li>\n<li>personal trainers<\/li>\n<li>mental trainers<\/li>\n<li>hypnotists and hypnotherapists<\/li>\n<li>coaches<\/li>\n<li>all the other professionally engaged in activities that appreciate the development of human resources. in building motivation in customers<\/li>\n<\/ul>\n[\/vc_column_text][vc_custom_heading text=&#8221;Main goals for participants:&#8221;][vc_column_text]\n<ul>\n<li>Achieve proficiency in Active Alert Hypnosis<\/li>\n<li>Learn practical methods of applying this system to:<br \/>\n&#8211; sport<br \/>\n&#8211; motivation<br \/>\n&#8211; learning<br \/>\n&#8211; coaching<br \/>\n&#8211; therapy<\/li>\n<\/ul>\n[\/vc_column_text][vc_column_text]<img loading=\"lazy\" class=\"alignleft wp-image-820 size-full\" src=\"http:\/\/barwyumyslu.pl\/wp-content\/uploads\/2017\/06\/tiger-jump2-2.png\" width=\"532\" height=\"520\" srcset=\"https:\/\/barwyumyslu.pl\/wp-content\/uploads\/2017\/06\/tiger-jump2-2.png 532w, https:\/\/barwyumyslu.pl\/wp-content\/uploads\/2017\/06\/tiger-jump2-2-300x293.png 300w\" sizes=\"(max-width: 532px) 100vw, 532px\" \/>What is <strong>Active Alert Hypnosis<\/strong>?<\/p>\n<p>Active-alert hypnosis is a standardized induction developed and tested by Dr. \u00c9va B\u00e1nyai in 1970ies in Hungary and at Standford University.<\/p>\n<p>This method involves open eyes, measurable physical activity, but no mention of relaxation or sleep. During the hypnosis the clients pump a stationary bike under heavy load. We use a standard procedure for the induction, with suggestions for alertness, attentiveness and freshness instead of sleep and drowsiness.<\/p>\n<p>Active-alert hypnosis is a gateway into a truly remarkable state of alert, awakened consciousness, free of the habitual distractions of the discursive mind. As such it can provide a healing respite, and individuals can easily learn to seek refuge in this dynamic state of undistracted presence even in the midst of their daily routines. Comparing induction procedures, the active-alert induction shared with the conventional procedure the slowing of left hemispheric processing but the active-alert induction was solely responsible for the improvement in right hemispheric processing.<\/p>\n<p>State achieved by Active-Alert Hypnosis opens the door to using hypnosis in situations that require open eyes and alert attention.<\/p>\n[\/vc_column_text][vc_custom_heading text=&#8221;The training is carried out in the most advantageous form:&#8221;][vc_column_text]\n<ul>\n<li>minimum required theory<\/li>\n<li>live demonstrations<\/li>\n<li>individual exercises in threes (each group of 3 participants will have at their disposal sports equipment for exercise)<\/li>\n<\/ul>\n[\/vc_column_text][vc_custom_heading text=&#8221;Training program:&#8221;][vc_column_text]<strong>Day 1 Basics of Active Alert Hypnosis<\/strong><\/p>\n<ul>\n<li>History and state of the art of research, comparison with other inductions<\/li>\n<li>Standard induction<\/li>\n<li>Self-hypnosis<\/li>\n<li>Ego-strengthening. Various inductions<\/li>\n<li>Hyperempiria: The search for heightened awareness<\/li>\n<li>Regression in an active alert state and abreactions<\/li>\n<li>Use personal positive resources and relive past experiences of high competence<\/li>\n<li>Swish as a method for re-anchoring<\/li>\n<li>Practical exercises<\/li>\n<\/ul>\n<p><strong>ay 2 Active Alert Hypnosis in action<\/strong><\/p>\n<ul>\n<li>How to work when a customer wants to:<br \/>\n&#8211; To overcome de-motivation<br \/>\n&#8211; Do excellent presentations<br \/>\n&#8211; To master employment interviews<br \/>\n&#8211; Successfully pass examinations, for example for getting the driving licence<br \/>\n&#8211; To overcome stuttering<br \/>\n&#8211; To enhance concentration<br \/>\n&#8211; Help to bring lightness in depressive disgruntlement<br \/>\n&#8211; Eliminate mental blockages and barriers<\/li>\n<li>Active-Alert Hypnosis in sports<\/li>\n<li>Milton hypnotic language model for the creation of own scripts<\/li>\n<li>Flow states and Zone awareness<\/li>\n<li>Movement and learning. How to use the active alert hypnosis for learning.<\/li>\n<li>Exercises<\/li>\n<\/ul>\n[\/vc_column_text][vc_column_text]<img loading=\"lazy\" class=\"alignright wp-image-795 size-full\" src=\"http:\/\/barwyumyslu.pl\/wp-content\/uploads\/2017\/06\/CR.jpg\" alt=\"Claude Ribaux\" width=\"400\" height=\"400\" srcset=\"https:\/\/barwyumyslu.pl\/wp-content\/uploads\/2017\/06\/CR.jpg 400w, https:\/\/barwyumyslu.pl\/wp-content\/uploads\/2017\/06\/CR-250x250.jpg 250w, https:\/\/barwyumyslu.pl\/wp-content\/uploads\/2017\/06\/CR-300x300.jpg 300w, https:\/\/barwyumyslu.pl\/wp-content\/uploads\/2017\/06\/CR-270x270.jpg 270w, https:\/\/barwyumyslu.pl\/wp-content\/uploads\/2017\/06\/CR-230x230.jpg 230w\" sizes=\"(max-width: 400px) 100vw, 400px\" \/>Who is <strong>Claude Ribaux<\/strong>?<\/p>\n<p>For 25 years Claude Ribaux was engaged as manager in international health, investment and development projects. He also acted as a consultant in change processes and in conflict transformation and mediation in complex political environments, nationally and internationally. He has enjoyed many years of experience as Head of Department, Project Manager, and as Delegate.<\/p>\n<p>Professional experience: Wide range of employment, including secondary level teacher and manager of integration centres for East Asian refugees in Switzerland. Then, for more than 12 years, worked at Swiss Red Cross; functions included Programme Manager, Delegate, Head of Department and Issue Manager. In these functions he managed the Mardan Eye Hospital in Pakistan and Eye Care programmes in Mid-Western Nepal. He implemented dozens of community-based and community-managed health care programs in Bangladesh and India. As a manager he was in charge of personnel selection, personnel management, including coaching, staff and concept development, strategy dialogue, project implementation and negotiation, conflict management, training and fundraising.<\/p>\n<p>Since 1996 Claude Ribaux is the owner and director of GO. He worked for a number of European companies such as DaimlerChrysler, DHL, Swisscom, and UBS, as well as for governments and many NGOs as a consultant. He was engaged in more than 50 missions in international development or peace building, including such tasks as negotiating with the Indian Government after the Bhopal gas accident 1984 or training for the conflict parties in the civil war in Sri Lanka.<\/p>\n[\/vc_column_text][\/vc_column][\/vc_row][vc_row full_width=&#8221;stretch_row&#8221; css=&#8221;.vc_custom_1506341045755{background-color: #04aeda !important;}&#8221;][vc_column][vc_custom_heading text=&#8221;Make the most of your time at the workshop.&#8221;][vc_column_text]The course will be conducted in English with a SYMULTANIC translation into Polish. This means that there will be no losses in time for translation. Polish participants will not have to wait for translation. They will get special headphones to hear the voice of a live translator.<\/p>\n<p>And you can participate in the worshops as there was not any translation at all.[\/vc_column_text][vc_custom_heading text=&#8221;What else will you get by participating in this training?&#8221;][vc_column_text]\n<ul>\n<li><span id=\"result_box\" class=\"\" lang=\"en\"><span class=\"\">A participant&#8217;s manual containing all techniques and examples<\/span><\/span><\/li>\n<li><span id=\"result_box\" class=\"\" lang=\"en\"><span class=\"\">Certificate of completion of the training signed by the instructor<\/span><\/span><\/li>\n<li><span id=\"result_box\" class=\"\" lang=\"en\"><span class=\"\">Access to a closed, egnlish speaking discussion group &#8211; exclusively for graduate students<\/span><\/span><\/li>\n<\/ul>\n[\/vc_column_text][vc_custom_heading text=&#8221;Where and when will the training take place?&#8221;][vc_column_text]This edition of Masters of Hypnosis workshops will be held in Warsaw from 11-12 November 2017.<\/p>\n<p>The exact location will be announced soon.[\/vc_column_text][vc_custom_heading text=&#8221;What are the costs of participation?&#8221;][vc_column_text]<span id=\"result_box\" class=\"short_text\" lang=\"en\"><span class=\"\">Your investment in this training is <\/span><\/span>570\u20ac[\/vc_column_text][vc_custom_heading text=&#8221;Sign up now or call us at +48 606101501 for more information&#8221;]<div role=\"form\" class=\"wpcf7\" id=\"wpcf7-f649-o1\" lang=\"pl-PL\" dir=\"ltr\">\n<div class=\"screen-reader-response\"><\/div>\n<form action=\"\/en\/wp-json\/wp\/v2\/pages\/842#wpcf7-f649-o1\" method=\"post\" class=\"wpcf7-form\" novalidate=\"novalidate\">\n<div style=\"display: none;\">\n<input type=\"hidden\" name=\"_wpcf7\" value=\"649\" \/>\n<input type=\"hidden\" name=\"_wpcf7_version\" value=\"4.7\" \/>\n<input type=\"hidden\" name=\"_wpcf7_locale\" value=\"pl_PL\" \/>\n<input type=\"hidden\" name=\"_wpcf7_unit_tag\" value=\"wpcf7-f649-o1\" \/>\n<input type=\"hidden\" name=\"_wpnonce\" value=\"8def5f01ac\" \/>\n<\/div>\n<h2>Zapisz si\u0119 ju\u017c teraz lub zadzwo\u0144 pod nr 606 101 501<\/h2>\n<p><label><br \/>\n<h3><font color=green><b>Wybierz szkolenie z listy:<\/b><\/h3>\n<p><\/font><br \/>\n<span class=\"wpcf7-form-control-wrap szkolenie\"><select name=\"szkolenie\" class=\"wpcf7-form-control wpcf7-select\" aria-invalid=\"false\"><option value=\"OMNI Hypnosis Training Center - luty 2026 Warszawa\">OMNI Hypnosis Training Center - luty 2026 Warszawa<\/option><option value=\"HypnoTB - marzec 2026 Warszawa\">HypnoTB - marzec 2026 Warszawa<\/option><option value=\"HypnoSpeak - marzec 2026 Warszawa\">HypnoSpeak - marzec 2026 Warszawa<\/option><option value=\"Praktyki R2C - marzec 2026 Kowary\">Praktyki R2C - marzec 2026 Kowary<\/option><option value=\"OMNI Hypnosis Training Center - kwiecie\u0144 2026 Kowary\">OMNI Hypnosis Training Center - kwiecie\u0144 2026 Kowary<\/option><option value=\"MetaHipnoza (Hipnoza Analogowa) - czerwiec 2026 Warszawa\">MetaHipnoza (Hipnoza Analogowa) - czerwiec 2026 Warszawa<\/option><option value=\"Nowoczesna Hipnoza Medyczna - czerwiec 2026 Warszawa\">Nowoczesna Hipnoza Medyczna - czerwiec 2026 Warszawa<\/option><option value=\"OMNI Hypnosis Training Center - lipiec 2026 Warszawa\">OMNI Hypnosis Training Center - lipiec 2026 Warszawa<\/option><option value=\"OMNI Hypnosis Training Center - wrzesie\u0144 2026 Kowary\">OMNI Hypnosis Training Center - wrzesie\u0144 2026 Kowary<\/option><\/select><\/span> <\/label><br \/>\n<span class=\"wpcf7-form-control-wrap name\"><input type=\"text\" name=\"name\" value=\"\" size=\"40\" class=\"wpcf7-form-control wpcf7-text wpcf7-validates-as-required\" aria-required=\"true\" aria-invalid=\"false\" placeholder=\"imi\u0119 i nazwisko* - tak jak ma widnie\u0107 na certyfikacie\" \/><\/span><br \/>\n<span class=\"wpcf7-form-control-wrap email\"><input type=\"email\" name=\"email\" value=\"\" size=\"40\" class=\"wpcf7-form-control wpcf7-text wpcf7-email wpcf7-validates-as-required wpcf7-validates-as-email\" aria-required=\"true\" aria-invalid=\"false\" placeholder=\"e-mail*\" \/><\/span><br \/>\n<span class=\"wpcf7-form-control-wrap phone\"><input type=\"text\" name=\"phone\" value=\"\" size=\"40\" class=\"wpcf7-form-control wpcf7-text wpcf7-validates-as-required\" aria-required=\"true\" aria-invalid=\"false\" placeholder=\"telefon*\" \/><\/span><br \/>\n<label> Sk\u0105d wiesz o szkoleniu?<br \/>\n<span class=\"wpcf7-form-control-wrap from\"><select name=\"from\" class=\"wpcf7-form-control wpcf7-select\" aria-invalid=\"false\"><option value=\"z POLECENIA. Od kogo?\">z POLECENIA. Od kogo?<\/option><option value=\"Google - wyniki wyszukiwania\">Google - wyniki wyszukiwania<\/option><option value=\"Google - reklama\">Google - reklama<\/option><option value=\"FaceBook - Barwy Umys\u0142u\">FaceBook - Barwy Umys\u0142u<\/option><option value=\"FaceBook - reklama\">FaceBook - reklama<\/option><option value=\"E-mail \/ newsletter\">E-mail \/ newsletter<\/option><option value=\"Youtube\">Youtube<\/option><\/select><\/span> <\/label><br \/>\n<span class=\"wpcf7-form-control-wrap code\"><input type=\"text\" name=\"code\" value=\"\" size=\"40\" class=\"wpcf7-form-control wpcf7-text\" aria-invalid=\"false\" placeholder=\"osoba polecaj\u0105ca \/ kod polecenia\" \/><\/span><br \/>\n<span class=\"wpcf7-form-control-wrap radio-830\"><span class=\"wpcf7-form-control wpcf7-radio\"><span class=\"wpcf7-list-item first\"><input type=\"radio\" name=\"radio-830\" value=\"Paragon\" checked=\"checked\" \/><span class=\"wpcf7-list-item-label\">Paragon<\/span><\/span><span class=\"wpcf7-list-item last\"><input type=\"radio\" name=\"radio-830\" value=\"Faktura\" \/><span class=\"wpcf7-list-item-label\">Faktura<\/span><\/span><\/span><\/span><\/p>\n<p><span class=\"wpcf7-form-control-wrap message\"><textarea name=\"message\" cols=\"40\" rows=\"10\" class=\"wpcf7-form-control wpcf7-textarea\" aria-invalid=\"false\" placeholder=\"dane do faktury \/ wiadomo\u015b\u0107\"><\/textarea><\/span><br \/>\n<a href=\"http:\/\/barwyumyslu.pl\/polityka-prywatnosci\/\"><font color=\"#000000\">Polityka prywatno\u015bci<\/a><\/font><br \/>\n<span class=\"wpcf7-form-control-wrap politykaprywatnoci\"><span class=\"wpcf7-form-control wpcf7-checkbox wpcf7-validates-as-required\"><span class=\"wpcf7-list-item first last\"><input type=\"checkbox\" name=\"politykaprywatnoci[]\" value=\"Akceptuj\u0119 polityk\u0119 prywatno\u015bci Barw Umys\u0142u (pole obowi\u0105zkowe)\" \/><span class=\"wpcf7-list-item-label\">Akceptuj\u0119 polityk\u0119 prywatno\u015bci Barw Umys\u0142u (pole obowi\u0105zkowe)<\/span><\/span><\/span><\/span><br \/>\n<span class=\"wpcf7-form-control-wrap newsletter\"><span class=\"wpcf7-form-control wpcf7-checkbox\"><span class=\"wpcf7-list-item first last\"><input type=\"checkbox\" name=\"newsletter[]\" value=\"Dopisuj\u0119 si\u0119 do newslettera Barw Umys\u0142u\" \/><span class=\"wpcf7-list-item-label\">Dopisuj\u0119 si\u0119 do newslettera Barw Umys\u0142u<\/span><\/span><\/span><\/span><\/p>\n<div class=\"wpcf7-form-control-wrap\"><div data-sitekey=\"6Ld2mBsUAAAAABMch2RmEJl4Wj_60LizYe6O1i1k\" class=\"wpcf7-form-control g-recaptcha wpcf7-recaptcha\"><\/div>\n<noscript>\n\t<div style=\"width: 302px; height: 422px;\">\n\t\t<div style=\"width: 302px; height: 422px; position: relative;\">\n\t\t\t<div style=\"width: 302px; height: 422px; position: absolute;\">\n\t\t\t\t<iframe src=\"https:\/\/www.google.com\/recaptcha\/api\/fallback?k=6Ld2mBsUAAAAABMch2RmEJl4Wj_60LizYe6O1i1k\" frameborder=\"0\" scrolling=\"no\" style=\"width: 302px; height:422px; border-style: none;\">\n\t\t\t\t<\/iframe>\n\t\t\t<\/div>\n\t\t\t<div style=\"width: 300px; height: 60px; border-style: none; bottom: 12px; left: 25px; margin: 0px; padding: 0px; right: 25px; background: #f9f9f9; border: 1px solid #c1c1c1; border-radius: 3px;\">\n\t\t\t\t<textarea id=\"g-recaptcha-response\" name=\"g-recaptcha-response\" class=\"g-recaptcha-response\" style=\"width: 250px; height: 40px; border: 1px solid #c1c1c1; margin: 10px 25px; padding: 0px; resize: none;\">\n\t\t\t\t<\/textarea>\n\t\t\t<\/div>\n\t\t<\/div>\n\t<\/div>\n<\/noscript>\n<\/div>\n<p><input type=\"submit\" value=\"Wy\u015blij\" class=\"wpcf7-form-control wpcf7-submit\" \/><\/p>\n<p>Zapoznaj si\u0119 r\u00f3wnie\u017c z naszym <a href=\"http:\/\/barwyumyslu.pl\/szkolenia\/regulamin-warsztatow\/\">regulaminem<\/a>.<\/p>\n<div class=\"wpcf7-response-output wpcf7-display-none\"><\/div><\/form><\/div>[\/vc_column][\/vc_row]\n","protected":false},"excerpt":{"rendered":"<p>[vc_row][vc_column][vc_column_text]Our team learns from the best hypnosis instructors in the world. Our goal is not only to incerase our own skills but to elevate the quality of hypnosis in general. That is why we decided to give you possibility to<\/p>\n","protected":false},"author":5,"featured_media":0,"parent":0,"menu_order":0,"comment_status":"closed","ping_status":"closed","template":"","meta":[],"_links":{"self":[{"href":"https:\/\/barwyumyslu.pl\/en\/wp-json\/wp\/v2\/pages\/842"}],"collection":[{"href":"https:\/\/barwyumyslu.pl\/en\/wp-json\/wp\/v2\/pages"}],"about":[{"href":"https:\/\/barwyumyslu.pl\/en\/wp-json\/wp\/v2\/types\/page"}],"author":[{"embeddable":true,"href":"https:\/\/barwyumyslu.pl\/en\/wp-json\/wp\/v2\/users\/5"}],"replies":[{"embeddable":true,"href":"https:\/\/barwyumyslu.pl\/en\/wp-json\/wp\/v2\/comments?post=842"}],"version-history":[{"count":12,"href":"https:\/\/barwyumyslu.pl\/en\/wp-json\/wp\/v2\/pages\/842\/revisions"}],"predecessor-version":[{"id":854,"href":"https:\/\/barwyumyslu.pl\/en\/wp-json\/wp\/v2\/pages\/842\/revisions\/854"}],"wp:attachment":[{"href":"https:\/\/barwyumyslu.pl\/en\/wp-json\/wp\/v2\/media?parent=842"}],"curies":[{"name":"wp","href":"https:\/\/api.w.org\/{rel}","templated":true}]}}